{"id":928,"date":"2026-04-10T16:30:58","date_gmt":"2026-04-10T16:30:58","guid":{"rendered":"https:\/\/jomarfa.com\/?page_id=928"},"modified":"2026-04-14T01:17:48","modified_gmt":"2026-04-14T01:17:48","slug":"cookies","status":"publish","type":"page","link":"https:\/\/jomarfa.com\/en\/cookies\/","title":{"rendered":"Cookies"},"content":{"rendered":"<div id=\"fws_69e670bff3186\"  data-column-margin=\"default\" data-midnight=\"dark\"  class=\"wpb_row vc_row-fluid vc_row\"  style=\"padding-top: 40px; padding-bottom: 0px; \"><div class=\"row-bg-wrap\" data-bg-animation=\"none\" data-bg-animation-delay=\"\" data-bg-overlay=\"false\"><div class=\"inner-wrap row-bg-layer\" ><div class=\"row-bg viewport-desktop\"  style=\"\"><\/div><\/div><\/div><div class=\"row_col_wrap_12 col span_12 dark left\">\n\t<div  class=\"vc_col-sm-12 wpb_column column_container vc_column_container col no-extra-padding inherit_tablet inherit_phone flex_gap_desktop_10px\"  data-padding-pos=\"all\" data-has-bg-color=\"false\" data-bg-color=\"\" data-bg-opacity=\"1\" data-animation=\"\" data-delay=\"0\" >\n\t\t<div class=\"vc_column-inner\" >\n\t\t\t<div class=\"wpb_wrapper\">\n\t\t\t\t<div class=\"divider-wrap\" data-alignment=\"default\"><div style=\"margin-top: 12.5px; width: 85px; height: 4px; margin-bottom: 12.5px;\" data-width=\"85px\" data-animate=\"yes\" data-animation-delay=\"1000\" data-color=\"extra-color-1\" class=\"divider-small-border\"><\/div><\/div><div class=\"nectar-split-heading\" data-align=\"default\" data-m-align=\"inherit\" data-text-effect=\"default\" data-animation-type=\"line-reveal-by-space\" data-animation-delay=\"0\" data-animation-offset=\"\" data-m-rm-animation=\"\" data-stagger=\"\" data-custom-font-size=\"false\" ><h3 style=\" color: #023F86;\">Cookies<\/h3><\/div>\n\t\t\t<\/div> \n\t\t<\/div>\n\t<\/div> \n<\/div><\/div>\n\t\t<div id=\"fws_69e670c000586\"  data-column-margin=\"default\" data-midnight=\"dark\"  class=\"wpb_row vc_row-fluid vc_row\"  style=\"padding-top: 0px; padding-bottom: 60px; \"><div class=\"row-bg-wrap\" data-bg-animation=\"none\" data-bg-animation-delay=\"\" data-bg-overlay=\"false\"><div class=\"inner-wrap row-bg-layer\" ><div class=\"row-bg viewport-desktop\"  style=\"\"><\/div><\/div><\/div><div class=\"row_col_wrap_12 col span_12 dark left\">\n\t<div  class=\"vc_col-sm-12 wpb_column column_container vc_column_container col no-extra-padding inherit_tablet inherit_phone flex_gap_desktop_10px\"  data-padding-pos=\"all\" data-has-bg-color=\"false\" data-bg-color=\"\" data-bg-opacity=\"1\" data-animation=\"\" data-delay=\"0\" >\n\t\t<div class=\"vc_column-inner\" >\n\t\t\t<div class=\"wpb_wrapper\">\n\t\t\t\t\n<div class=\"wpb_text_column wpb_content_element\" >\n\t<p>S\u00e3o pequenos ficheiros de texto guardados no seu computador que servem para recolher informa\u00e7\u00e3o acerca do seu dispositivo e informa\u00e7\u00e3o acerca da sua experi\u00eancia de utiliza\u00e7\u00e3o. Esta informa\u00e7\u00e3o \u00e9 usada para registar o n\u00famero de visitas efetuadas e compilar informa\u00e7\u00e3o estat\u00edstica acerca da atividade do website.<\/p>\n<p><span style=\"color: #0054a6;\"><strong>Tipos de Cookies consoante a entidade que os gere:<\/strong><\/span><\/p>\n<ul>\n<li><span style=\"color: #0054a6;\">Cookies pr\u00f3prios:<\/span> um cookie gerido por este dom\u00ednio \/ website.<\/li>\n<li><span style=\"color: #0054a6;\">Cookies de terceiros:<\/span> um cookie gerido por outro dom\u00ednio \/ website.<\/li>\n<li><span style=\"color: #0054a6;\">Cookies persistentes:<\/span> a informa\u00e7\u00e3o do cookie encontra-se armazenada de forma permanente no seu equipamento.<\/li>\n<li><span style=\"color: #0054a6;\">Cookies de sess\u00e3o:<\/span> a informa\u00e7\u00e3o do cookie n\u00e3o se encontra armazenada de forma permanente no seu equipamento.<\/li>\n<\/ul>\n<p>A <span style=\"color: #0054a6;\">Jomarfa <\/span>usa cookies de sess\u00e3o (\u201csession cookies\u201d) e cookies pr\u00f3prios (\u201cfirst-party cookies\u201d) bem como cookies persistentes (\u201cpersistent cookies\u201d) e cookies de terceiros (\u201cthird-party cookies\u201d).<\/p>\n<\/div>\n\n\n\n\n<div class=\"wpb_text_column wpb_content_element\" >\n\t<p><span style=\"color: #0054a6;\"><strong>Tipos de cookies consoante a finalidade de utiliza\u00e7\u00e3o:<\/strong><\/span><\/p>\n<ul>\n<li><span style=\"color: #0054a6;\">Cookies t\u00e9cnicos:<\/span> s\u00e3o aqueles que permitem navegar atrav\u00e9s de um dom\u00ednio \/ website, utilizando as diferentes op\u00e7\u00f5es ou servi\u00e7os como, por exemplo, identificar a sess\u00e3o, aceder a \u00e1reas de acesso restrito e realizar o processo de um pedido de compra.<\/li>\n<li><span style=\"color: #0054a6;\">Cookies de personaliza\u00e7\u00e3o:<\/span> s\u00e3o aqueles que permitem aceder ao dom\u00ednio \/ website com algumas caracter\u00edsticas predefinidos em fun\u00e7\u00e3o de um conjunto de decis\u00f5es tomadas, como por exemplo a l\u00edngua utilizada.<\/li>\n<li><span style=\"color: #0054a6;\">Cookies de an\u00e1lise:<\/span> s\u00e3o aqueles que permitem a monitoriza\u00e7\u00e3o e an\u00e1lise do comportamento dos utilizadores de websites aos quais est\u00e3o vinculados. A informa\u00e7\u00e3o recolhida atrav\u00e9s de tais cookies \u00e9 usada, por exemplo, para medir a atividade dos websites e elaborar perfis de navega\u00e7\u00e3o.<\/li>\n<li><span style=\"color: #0054a6;\">Cookies publicit\u00e1rios:<\/span> s\u00e3o aqueles que permitem a gest\u00e3o da forma mais eficiente de espa\u00e7os publicit\u00e1rios com base em crit\u00e9rios como o conte\u00fado editado ou a frequ\u00eancia em que os an\u00fancios s\u00e3o exibidos.<\/li>\n<li><span style=\"color: #0054a6;\">Cookies de publicidade comportamental:<\/span> s\u00e3o aqueles que permitem a gest\u00e3o da forma mais eficaz poss\u00edvel de espa\u00e7os publicit\u00e1rios. Estes cookies armazenam informa\u00e7\u00f5es sobre o comportamento do utilizador, obtidas atrav\u00e9s da observa\u00e7\u00e3o cont\u00ednua dos seus h\u00e1bitos de navega\u00e7\u00e3o, permitindo desenvolver um perfil espec\u00edfico para exibir an\u00fancios com base neste.<\/li>\n<\/ul>\n<p>A <span style=\"color: #0054a6;\">Jomarfa<\/span> usa Cookies t\u00e9cnicos, Cookies de personaliza\u00e7\u00e3o e Cookies de an\u00e1lise; n\u00e3o usa Cookies publicit\u00e1rios nem Cookies de publicidade comportamental.<\/p>\n<p>A informa\u00e7\u00e3o relativa aos cookies \u00e9 controlada e acedida pelo propriet\u00e1rio do website.<\/p>\n<p>Cookies usados pela <span style=\"color: #0054a6;\">Jomarfa<\/span>:<\/p>\n<\/div>\n\n\n\n\n<div class=\"wpb_text_column wpb_content_element  vc_custom_1776128501117\" >\n\t<div class=\"table_component\" tabindex=\"0\" role=\"region\" aria-label=\"Tabela de cookies\">\n<table class=\"responsive-card-table cookies-table\">\n<thead>\n<tr>\n<th>Nome do Cookie<\/th>\n<th>Finalidade<\/th>\n<th>Tempo de Reten\u00e7\u00e3o<\/th>\n<th>Titular<\/th>\n<th>Tipo de Cookie<\/th>\n<\/tr>\n<\/thead>\n<tbody>\n<tr>\n<td data-label=\"Nome do Cookie\">_gat<\/td>\n<td data-label=\"Finalidade\">Este cookie \u00e9 instalado pelo Google Analytics para controlar a taxa de solicita\u00e7\u00e3o e limitar a recolha de dados em sites de alto tr\u00e1fego. Consultar pol\u00edtica de privacidade aqui (https:\/\/policies.google.com\/technologies\/partner-sites).<\/td>\n<td data-label=\"Tempo de Reten\u00e7\u00e3o\">1 minuto<\/td>\n<td data-label=\"Titular\"><span style=\"color: #0054a6;\">Google.com<\/span><\/td>\n<td data-label=\"Tipo de Cookie\">Desempenho<\/td>\n<\/tr>\n<tr>\n<td data-label=\"Nome do Cookie\">CONSENT<\/td>\n<td data-label=\"Finalidade\">O YouTube define esse cookie por meio de v\u00eddeos do YouTube incorporados e regista dados estat\u00edsticos an\u00f3nimos.<\/td>\n<td data-label=\"Tempo de Reten\u00e7\u00e3o\">2 anos<\/td>\n<td data-label=\"Titular\"><span style=\"color: #0054a6;\">Youtube.com<\/span><\/td>\n<td data-label=\"Tipo de Cookie\">Anal\u00edtico<\/td>\n<\/tr>\n<tr>\n<td data-label=\"Nome do Cookie\">_gid<\/td>\n<td data-label=\"Finalidade\">Este cookie \u00e9 instalado pelo Google Analytics. O cookie \u00e9 usado para armazenar informa\u00e7\u00f5es sobre a forma como os visitantes utilizam o site e ajuda a criar um relat\u00f3rio anal\u00edtico sobre o comportamento do website. Os dados recolhidos, incluindo o n\u00famero de visitantes, a origem de onde vieram e as p\u00e1ginas visitadas, s\u00e3o recolhidos de forma an\u00f3nima. Consultar pol\u00edtica de privacidade aqui (https:\/\/policies.google.com\/technologies\/partner-sites).<\/td>\n<td data-label=\"Tempo de Reten\u00e7\u00e3o\">1 dia<\/td>\n<td data-label=\"Titular\"><span style=\"color: #0054a6;\">Google.com<\/span><\/td>\n<td data-label=\"Tipo de Cookie\">Anal\u00edtico<\/td>\n<\/tr>\n<tr>\n<td data-label=\"Nome do Cookie\">_ga<\/td>\n<td data-label=\"Finalidade\">Este cookie \u00e9 instalado pelo Google Analytics. O cookie \u00e9 usado para calcular o visitante, a sess\u00e3o, os dados da campanha e controlar a utiliza\u00e7\u00e3o do website para o relat\u00f3rio de an\u00e1lise do website. Os cookies armazenam informa\u00e7\u00f5es anonimamente e atribuem um n\u00famero gerado aleatoriamente para identificar visitantes \u00fanicos. Consultar pol\u00edtica de privacidade aqui (https:\/\/policies.google.com\/technologies\/partner-sites).<\/td>\n<td data-label=\"Tempo de Reten\u00e7\u00e3o\">2 anos<\/td>\n<td data-label=\"Titular\"><span style=\"color: #0054a6;\">Google.com<\/span><\/td>\n<td data-label=\"Tipo de Cookie\">Anal\u00edtico<\/td>\n<\/tr>\n<tr>\n<td data-label=\"Nome do Cookie\">yt-remote-connected-devices<\/td>\n<td data-label=\"Finalidade\">O YouTube define este cookie para armazenar as prefer\u00eancias de v\u00eddeo do utilizador ao usar o v\u00eddeo do YouTube incorporado.<\/td>\n<td data-label=\"Tempo de Reten\u00e7\u00e3o\">moment\u00e2neo<\/td>\n<td data-label=\"Titular\"><span style=\"color: #0054a6;\">Youtube.com<\/span><\/td>\n<td data-label=\"Tipo de Cookie\">Publicit\u00e1rio<\/td>\n<\/tr>\n<tr>\n<td data-label=\"Nome do Cookie\">yt-remote-device-id<\/td>\n<td data-label=\"Finalidade\">O YouTube define este cookie para armazenar as prefer\u00eancias de v\u00eddeo do utilizador ao usar o v\u00eddeo do YouTube incorporado.<\/td>\n<td data-label=\"Tempo de Reten\u00e7\u00e3o\">moment\u00e2neo<\/td>\n<td data-label=\"Titular\"><span style=\"color: #0054a6;\">Youtube.com<\/span><\/td>\n<td data-label=\"Tipo de Cookie\">Publicit\u00e1rio<\/td>\n<\/tr>\n<tr>\n<td data-label=\"Nome do Cookie\">VISITOR_INFO1_LIVE<\/td>\n<td data-label=\"Finalidade\">Um cookie definido pelo YouTube para medir a largura de banda, que determina se o utilizador obt\u00e9m a interface do YouTube nova ou antiga, para controlo nas sess\u00f5es.<\/td>\n<td data-label=\"Tempo de Reten\u00e7\u00e3o\">5 meses 27 dias<\/td>\n<td data-label=\"Titular\"><span style=\"color: #0054a6;\">Youtube.com<\/span><\/td>\n<td data-label=\"Tipo de Cookie\">Publicit\u00e1rio<\/td>\n<\/tr>\n<tr>\n<td data-label=\"Nome do Cookie\">YSC<\/td>\n<td data-label=\"Finalidade\">O cookie YSC \u00e9 definido pelo YouTube e \u00e9 usado para registar as visualiza\u00e7\u00f5es de v\u00eddeos incorporados nas p\u00e1ginas do YouTube.<\/td>\n<td data-label=\"Tempo de Reten\u00e7\u00e3o\">sess\u00e3o<\/td>\n<td data-label=\"Titular\"><span style=\"color: #0054a6;\">Youtube.com<\/span><\/td>\n<td data-label=\"Tipo de Cookie\">Publicit\u00e1rio<\/td>\n<\/tr>\n<tr>\n<td data-label=\"Nome do Cookie\">cookielawinfo-checkbox-outro<\/td>\n<td data-label=\"Finalidade\">Definido pelo plugin GDPR Cookie Consent, este cookie \u00e9 usado para registar o consentimento do utilizador para os cookies na categoria \u201cOutro\u201d, para controlo nas sess\u00f5es.<\/td>\n<td data-label=\"Tempo de Reten\u00e7\u00e3o\">1 ano<\/td>\n<td data-label=\"Titular\"><span style=\"color: #0054a6;\">Jomarfa.com<\/span><\/td>\n<td data-label=\"Tipo de Cookie\">Necess\u00e1rio<\/td>\n<\/tr>\n<tr>\n<td data-label=\"Nome do Cookie\">cookielawinfo-checkbox-publicitario<\/td>\n<td data-label=\"Finalidade\">Definido pelo plugin GDPR Cookie Consent, este cookie \u00e9 usado para registar o consentimento do utilizador para os cookies na categoria \u201cPublicit\u00e1rio\u201d, nas sess\u00f5es.<\/td>\n<td data-label=\"Tempo de Reten\u00e7\u00e3o\">1 ano<\/td>\n<td data-label=\"Titular\"><span style=\"color: #0054a6;\">Jomarfa.com<\/span><\/td>\n<td data-label=\"Tipo de Cookie\">Necess\u00e1rio<\/td>\n<\/tr>\n<tr>\n<td data-label=\"Nome do Cookie\">cookielawinfo-checkbox-analitico<\/td>\n<td data-label=\"Finalidade\">Definido pelo plugin GDPR Cookie Consent, este cookie \u00e9 usado para registar o consentimento do utilizador para os cookies na categoria \u201cAnal\u00edtico\u201d.<\/td>\n<td data-label=\"Tempo de Reten\u00e7\u00e3o\">1 ano<\/td>\n<td data-label=\"Titular\"><span style=\"color: #0054a6;\">Jomarfa.com<\/span><\/td>\n<td data-label=\"Tipo de Cookie\">Necess\u00e1rio<\/td>\n<\/tr>\n<tr>\n<td data-label=\"Nome do Cookie\">cookielawinfo-checkbox-desempenho<\/td>\n<td data-label=\"Finalidade\">Definido pelo plugin GDPR Cookie Consent, este cookie \u00e9 usado para registar o consentimento do utilizador para os cookies na categoria \u201cDesempenho\u201d.<\/td>\n<td data-label=\"Tempo de Reten\u00e7\u00e3o\">1 ano<\/td>\n<td data-label=\"Titular\"><span style=\"color: #0054a6;\">Jomarfa.com<\/span><\/td>\n<td data-label=\"Tipo de Cookie\">Necess\u00e1rio<\/td>\n<\/tr>\n<tr>\n<td data-label=\"Nome do Cookie\">cookielawinfo-checkbox-necessario<\/td>\n<td data-label=\"Finalidade\">Definido pelo plugin GDPR Cookie Consent, este cookie \u00e9 usado para registar o consentimento do utilizador para os cookies na categoria \u201cNecess\u00e1rio\u201d.<\/td>\n<td data-label=\"Tempo de Reten\u00e7\u00e3o\">1 ano<\/td>\n<td data-label=\"Titular\"><span style=\"color: #0054a6;\">Jomarfa.com<\/span><\/td>\n<td data-label=\"Tipo de Cookie\">Necess\u00e1rio<\/td>\n<\/tr>\n<tr>\n<td data-label=\"Nome do Cookie\">trx_addons_is_retina<\/td>\n<td data-label=\"Finalidade\">Este cookie \u00e9 usado para verificar se o utilizador possui um ecr\u00e3 retina.<\/td>\n<td data-label=\"Tempo de Reten\u00e7\u00e3o\">1 dia<\/td>\n<td data-label=\"Titular\"><span style=\"color: #0054a6;\">Jomarfa.com<\/span><\/td>\n<td data-label=\"Tipo de Cookie\">Other<\/td>\n<\/tr>\n<\/tbody>\n<\/table>\n<\/div>\n<p>De acordo com a informa\u00e7\u00e3o acima fornecida, como utilizador, est\u00e1 a consentir expressamente o uso dos cookies de que se fez refer\u00eancia para os fins previstos para cada um dos mesmos.<\/p>\n<p>Informa\u00e7\u00e3o espec\u00edfica sobre os cookies de terceiros Google Analytics pode ser obtida atrav\u00e9s do endere\u00e7o\u00a0<a href=\"https:\/\/developers.google.com\/analytics\/devguides\/collection\/analyticsjs\/cookie-usage\" target=\"_blank\" rel=\"noopener\" data-fpl-component=\"primitive\">https:\/\/developers.google.com\/analytics\/devguides\/collection\/analyticsjs\/cookie-usage<\/a>.<\/p>\n<p>N\u00e3o nos responsabilizamos pelo conte\u00fado e exatid\u00e3o dos termos e condi\u00e7\u00f5es de uso, das pol\u00edticas de privacidade e pol\u00edticas de cookies de terceiros referidos anteriormente. Pode obter mais informa\u00e7\u00e3o visitando\u00a0<a href=\"http:\/\/www.aboutcookies.org\/\" target=\"_blank\" rel=\"noopener\" data-fpl-component=\"primitive\">www.aboutcookies.org<\/a>\u00a0 ou\u00a0<a href=\"http:\/\/www.allaboutcookies.org\/\" target=\"_blank\" rel=\"noopener\" data-fpl-component=\"primitive\">www.allaboutcookies.org<\/a>.<\/p>\n<p>Pode configurar o seu browser para n\u00e3o aceitar cookies e os websites mencionados anteriormente explicam-lhe como pode remov\u00ea-los. No entanto, a n\u00e3o aceita\u00e7\u00e3o de cookies, pode resultar na execu\u00e7\u00e3o incorreto de algumas funcionalidades do Website.<\/p>\n<p>Nenhum dos cookies usados \u00e9 essencial para a utiliza\u00e7\u00e3o do Website, para uma funcionalidade em particular ou para o melhoramento do desempenho do Website. No entanto, a n\u00e3o aceita\u00e7\u00e3o de cookies, pode resultar na execu\u00e7\u00e3o incorreto de algumas funcionalidades do Website.<\/p>\n<p>A utiliza\u00e7\u00e3o de cookies pela <span style=\"color: #0054a6;\">Jomarfa<\/span> tem os objetivos de analisar o uso do Website\u00a0e permitir-lhe ter uma experi\u00eancia de navega\u00e7\u00e3o sem problemas; em momento algum recolhemos Dados Pessoais atrav\u00e9s de cookies.<\/p>\n<p>Os cookies n\u00e3o ser\u00e3o usados para nenhum outro prop\u00f3sito dos mencionados no ponto anterior.<\/p>\n<\/div>\n\n\n\n\n\t\t\t<\/div> \n\t\t<\/div>\n\t<\/div> \n<\/div><\/div>","protected":false},"excerpt":{"rendered":"Cookies S\u00e3o pequenos ficheiros de texto guardados no seu computador que servem para recolher informa\u00e7\u00e3o acerca do seu dispositivo e informa\u00e7\u00e3o acerca da sua experi\u00eancia de utiliza\u00e7\u00e3o. Esta informa\u00e7\u00e3o \u00e9...","protected":false},"author":1,"featured_media":0,"parent":0,"menu_order":0,"comment_status":"closed","ping_status":"closed","template":"","meta":{"_acf_changed":false,"footnotes":""},"class_list":["post-928","page","type-page","status-publish"],"acf":[],"_links":{"self":[{"href":"https:\/\/jomarfa.com\/en\/wp-json\/wp\/v2\/pages\/928","targetHints":{"allow":["GET"]}}],"collection":[{"href":"https:\/\/jomarfa.com\/en\/wp-json\/wp\/v2\/pages"}],"about":[{"href":"https:\/\/jomarfa.com\/en\/wp-json\/wp\/v2\/types\/page"}],"author":[{"embeddable":true,"href":"https:\/\/jomarfa.com\/en\/wp-json\/wp\/v2\/users\/1"}],"replies":[{"embeddable":true,"href":"https:\/\/jomarfa.com\/en\/wp-json\/wp\/v2\/comments?post=928"}],"version-history":[{"count":3,"href":"https:\/\/jomarfa.com\/en\/wp-json\/wp\/v2\/pages\/928\/revisions"}],"predecessor-version":[{"id":1016,"href":"https:\/\/jomarfa.com\/en\/wp-json\/wp\/v2\/pages\/928\/revisions\/1016"}],"wp:attachment":[{"href":"https:\/\/jomarfa.com\/en\/wp-json\/wp\/v2\/media?parent=928"}],"curies":[{"name":"wp","href":"https:\/\/api.w.org\/{rel}","templated":true}]}}