{"id":857,"date":"2026-04-10T04:40:04","date_gmt":"2026-04-10T04:40:04","guid":{"rendered":"https:\/\/jomarfa.com\/?page_id=857"},"modified":"2026-04-20T14:22:52","modified_gmt":"2026-04-20T14:22:52","slug":"partners","status":"publish","type":"page","link":"https:\/\/jomarfa.com\/en\/parceiros\/","title":{"rendered":"Partners"},"content":{"rendered":"<div id=\"fws_69e66c3003c8a\"  data-column-margin=\"default\" data-midnight=\"light\"  class=\"wpb_row vc_row-fluid vc_row full-width-section parallax_section blend-imagens top_padding_phone_270px\"  style=\"padding-top: 300px; padding-bottom: 30px; \"><div class=\"row-bg-wrap\" data-bg-animation=\"none\" data-bg-animation-delay=\"\" data-bg-overlay=\"true\"><div class=\"inner-wrap row-bg-layer using-image\" ><div class=\"row-bg viewport-desktop using-image\" data-parallax-speed=\"fast\" style=\"background-image: url(https:\/\/jomarfa.com\/wp-content\/uploads\/2026\/04\/Parceiros.webp); background-position: center bottom; background-repeat: no-repeat; \"><\/div><\/div><div class=\"row-bg-overlay row-bg-layer\" style=\"background-color:#023F86;  opacity: 0.8; \"><\/div><\/div><div class=\"row_col_wrap_12 col span_12 light left\">\n\t<div  class=\"vc_col-sm-12 wpb_column column_container vc_column_container col no-extra-padding inherit_tablet inherit_phone flex_gap_desktop_10px\"  data-padding-pos=\"all\" data-has-bg-color=\"false\" data-bg-color=\"\" data-bg-opacity=\"1\" data-animation=\"\" data-delay=\"0\" >\n\t\t<div class=\"vc_column-inner\" >\n\t\t\t<div class=\"wpb_wrapper\">\n\t\t\t\t<div class=\"nectar-highlighted-text\" data-style=\"half_text\" data-exp=\"default\" data-user-color=\"true\" style=\"color: #FFFFFF;\" data-using-custom-color=\"true\" data-animation-delay=\"600\" data-color=\"#0054A6\" data-color-gradient=\"\"><h1><em>Partners<\/em><\/h1>\n<\/div>\n\t\t\t<\/div> \n\t\t<\/div>\n\t<\/div> \n<\/div><\/div>\n\t\t<div id=\"fws_69e66c3004ba4\"  data-column-margin=\"default\" data-midnight=\"dark\"  class=\"wpb_row vc_row-fluid vc_row full-width-section has-row-bg-color  bottom_padding_phone_90px\"  style=\"padding-top: 70px; padding-bottom: 70px; --row-bg-color: #FFFFFF;\"><div class=\"row-bg-wrap\" data-bg-animation=\"none\" data-bg-animation-delay=\"\" data-bg-overlay=\"false\"><div class=\"inner-wrap row-bg-layer\" ><div class=\"row-bg viewport-desktop using-bg-color\"  style=\"background-color: #FFFFFF; \"><\/div><\/div><\/div><div class=\"row_col_wrap_12 col span_12 dark left\">\n\t<div  class=\"vc_col-sm-12 wpb_column column_container vc_column_container col no-extra-padding inherit_tablet inherit_phone flex_gap_desktop_10px\"  data-padding-pos=\"all\" data-has-bg-color=\"false\" data-bg-color=\"\" data-bg-opacity=\"1\" data-animation=\"\" data-delay=\"0\" >\n\t\t<div class=\"vc_column-inner\" >\n\t\t\t<div class=\"wpb_wrapper\">\n\t\t\t\t<div class=\"divider-wrap\" data-alignment=\"default\"><div style=\"margin-top: 12.5px; width: 85px; height: 4px; margin-bottom: 12.5px;\" data-width=\"85px\" data-animate=\"yes\" data-animation-delay=\"1000\" data-color=\"extra-color-1\" class=\"divider-small-border\"><\/div><\/div><div id=\"fws_69e66c3005409\" data-midnight=\"\" data-column-margin=\"30px\" class=\"wpb_row vc_row-fluid vc_row inner_row vc_row-o-equal-height vc_row-flex vc_row-o-content-middle\"  style=\"\"><div class=\"row-bg-wrap\"> <div class=\"row-bg\" ><\/div> <\/div><div class=\"row_col_wrap_12_inner col span_12  left\">\n\t<div  class=\"vc_col-sm-12 wpb_column column_container vc_column_container col child_column has-animation no-extra-padding inherit_tablet inherit_phone\"   data-padding-pos=\"all\" data-has-bg-color=\"false\" data-bg-color=\"\" data-bg-opacity=\"1\" data-animation=\"fade-in-from-bottom\" data-delay=\"0\" >\n\t\t<div class=\"vc_column-inner\" >\n\t\t<div class=\"wpb_wrapper\">\n\t\t\t<div class=\"nectar-responsive-text nectar-link-underline-effect\" data-inherit-heading-family=\"p\"><p>Over the years, we have had the privilege of working with leading companies and organizations in Portugal. The trust placed in us by our clients is what drives us to deliver solutions of excellence in every road sign project.<\/p>\n<\/div>\n\t\t<\/div> \n\t<\/div>\n\t<\/div> \n<\/div><\/div><div class=\"nectar-flickity not-initialized nectar-carousel tb-spacing-20px vertical-alignment-middle\" data-centered-cells=\"false\" data-pause-on-hover=\"\" data-touch-icon-color=\"default\" data-control-color=\"default\" data-overflow=\"hidden\" data-r-bottom-total=\"\" data-drag-scale=\"\" data-wrap=\"no-wrap\" data-spacing=\"default\" data-controls=\"next_prev_arrows_overlaid\" data-pagination-alignment=\"default\" data-adaptive-height=\"\" data-border-radius=\"none\" data-column-border=\"\" data-column-padding=\"0\" data-format=\"default\" data-autoplay=\"true\" data-autoplay-dur=\"5000\" data-control-style=\"material_pagination\" data-desktop-columns=\"3\" data-small-desktop-columns=\"3\" data-tablet-columns=\"2\" data-phone-columns=\"1\" data-column-color=\"\"><div class=\"flickity-viewport\"> <div class=\"flickity-slider\"><div class=\"cell  flex_gap_desktop_10px\"><div class=\"inner-wrap-outer\"><div class=\"inner-wrap\" ><div class=\"img-with-aniamtion-wrap center custom-width-125px\" data-max-width=\"custom\" data-max-width-mobile=\"default\" data-shadow=\"none\" data-animation=\"none\" >\n      <div class=\"inner\">\n        <div class=\"hover-wrap\"> \n          <div class=\"hover-wrap-inner\">\n            <img loading=\"lazy\" decoding=\"async\" class=\"img-with-animation skip-lazy\" data-delay=\"0\" height=\"172\" width=\"215\" data-animation=\"none\" src=\"https:\/\/jomarfa.com\/wp-content\/uploads\/2026\/03\/Brisa-1.png\" alt=\"\"  \/>\n          <\/div>\n        <\/div>\n        \n      <\/div>\n    <\/div><\/div><\/div><\/div><div class=\"cell  flex_gap_desktop_10px\"><div class=\"inner-wrap-outer\"><div class=\"inner-wrap\" ><div class=\"img-with-aniamtion-wrap center custom-width-140px\" data-max-width=\"custom\" data-max-width-mobile=\"default\" data-shadow=\"none\" data-animation=\"none\" >\n      <div class=\"inner\">\n        <div class=\"hover-wrap\"> \n          <div class=\"hover-wrap-inner\">\n            <img loading=\"lazy\" decoding=\"async\" class=\"img-with-animation skip-lazy\" data-delay=\"0\" height=\"202\" width=\"243\" data-animation=\"none\" src=\"https:\/\/jomarfa.com\/wp-content\/uploads\/2026\/03\/Logo_Ascendi.png\" alt=\"\"  \/>\n          <\/div>\n        <\/div>\n        \n      <\/div>\n    <\/div><\/div><\/div><\/div><div class=\"cell  flex_gap_desktop_10px\"><div class=\"inner-wrap-outer\"><div class=\"inner-wrap\" ><div class=\"img-with-aniamtion-wrap center custom-width-190px\" data-max-width=\"custom\" data-max-width-mobile=\"default\" data-shadow=\"none\" data-animation=\"none\" >\n      <div class=\"inner\">\n        <div class=\"hover-wrap\"> \n          <div class=\"hover-wrap-inner\">\n            <img loading=\"lazy\" decoding=\"async\" class=\"img-with-animation skip-lazy\" data-delay=\"0\" height=\"76\" width=\"321\" data-animation=\"none\" src=\"https:\/\/jomarfa.com\/wp-content\/uploads\/2026\/03\/Logo_IP.png\" alt=\"\" srcset=\"https:\/\/jomarfa.com\/wp-content\/uploads\/2026\/03\/Logo_IP.png 321w, https:\/\/jomarfa.com\/wp-content\/uploads\/2026\/03\/Logo_IP-300x71.png 300w\" sizes=\"auto, (max-width: 321px) 100vw, 321px\" \/>\n          <\/div>\n        <\/div>\n        \n      <\/div>\n    <\/div><\/div><\/div><\/div><\/div><\/div><\/div>\n\t\t\t<\/div> \n\t\t<\/div>\n\t<\/div> \n<\/div><\/div>","protected":false},"excerpt":{"rendered":"Parceiros Ao longo dos anos, temos tido o privil\u00e9gio de trabalhar com empresas e organiza\u00e7\u00f5es de refer\u00eancia em Portugal. A confian\u00e7a depositada pelos nossos clientes \u00e9 o motor que nos...","protected":false},"author":1,"featured_media":0,"parent":0,"menu_order":0,"comment_status":"closed","ping_status":"closed","template":"","meta":{"_acf_changed":false,"footnotes":""},"class_list":["post-857","page","type-page","status-publish"],"acf":[],"_links":{"self":[{"href":"https:\/\/jomarfa.com\/en\/wp-json\/wp\/v2\/pages\/857","targetHints":{"allow":["GET"]}}],"collection":[{"href":"https:\/\/jomarfa.com\/en\/wp-json\/wp\/v2\/pages"}],"about":[{"href":"https:\/\/jomarfa.com\/en\/wp-json\/wp\/v2\/types\/page"}],"author":[{"embeddable":true,"href":"https:\/\/jomarfa.com\/en\/wp-json\/wp\/v2\/users\/1"}],"replies":[{"embeddable":true,"href":"https:\/\/jomarfa.com\/en\/wp-json\/wp\/v2\/comments?post=857"}],"version-history":[{"count":11,"href":"https:\/\/jomarfa.com\/en\/wp-json\/wp\/v2\/pages\/857\/revisions"}],"predecessor-version":[{"id":1046,"href":"https:\/\/jomarfa.com\/en\/wp-json\/wp\/v2\/pages\/857\/revisions\/1046"}],"wp:attachment":[{"href":"https:\/\/jomarfa.com\/en\/wp-json\/wp\/v2\/media?parent=857"}],"curies":[{"name":"wp","href":"https:\/\/api.w.org\/{rel}","templated":true}]}}