{"id":851,"date":"2026-04-10T04:36:44","date_gmt":"2026-04-10T04:36:44","guid":{"rendered":"https:\/\/jomarfa.com\/?page_id=851"},"modified":"2026-04-14T01:48:15","modified_gmt":"2026-04-14T01:48:15","slug":"visao-zero-2030","status":"publish","type":"page","link":"https:\/\/jomarfa.com\/en\/visao-zero-2030\/","title":{"rendered":"Vision Zero 2030"},"content":{"rendered":"<div id=\"fws_69e66c2eea445\"  data-column-margin=\"default\" data-midnight=\"light\"  class=\"wpb_row vc_row-fluid vc_row full-width-section blend-imagens top_padding_phone_240px\"  style=\"padding-top: 300px; padding-bottom: 30px; \"><div class=\"row-bg-wrap\" data-bg-animation=\"none\" data-bg-animation-delay=\"\" data-bg-overlay=\"true\"><div class=\"inner-wrap row-bg-layer using-image\" ><div class=\"row-bg viewport-desktop using-image\"  style=\"background-image: url(https:\/\/jomarfa.com\/wp-content\/uploads\/2026\/04\/Visao-2030.webp); background-position: center bottom; background-repeat: no-repeat; \"><\/div><\/div><div class=\"row-bg-overlay row-bg-layer\" style=\"background-color:#023F86;  opacity: 0.8; \"><\/div><\/div><div class=\"row_col_wrap_12 col span_12 light left\">\n\t<div  class=\"vc_col-sm-12 wpb_column column_container vc_column_container col no-extra-padding inherit_tablet inherit_phone flex_gap_desktop_10px\"  data-padding-pos=\"all\" data-has-bg-color=\"false\" data-bg-color=\"\" data-bg-opacity=\"1\" data-animation=\"\" data-delay=\"0\" >\n\t\t<div class=\"vc_column-inner\" >\n\t\t\t<div class=\"wpb_wrapper\">\n\t\t\t\t<div class=\"nectar-highlighted-text\" data-style=\"half_text\" data-exp=\"default\" data-user-color=\"true\" style=\"color: #FFFFFF;\" data-using-custom-color=\"true\" data-animation-delay=\"600\" data-color=\"#0054A6\" data-color-gradient=\"\"><h1><em>Vision Zero 2030<\/em><\/h1>\n<\/div>\n\t\t\t<\/div> \n\t\t<\/div>\n\t<\/div> \n<\/div><\/div>\n\t\t<div id=\"fws_69e66c2eeb99c\"  data-column-margin=\"60px\" data-midnight=\"dark\"  class=\"wpb_row vc_row-fluid vc_row vc_row-o-equal-height vc_row-flex  top_padding_phone_40px\"  style=\"padding-top: 70px; padding-bottom: 40px; \"><div class=\"row-bg-wrap\" data-bg-animation=\"none\" data-bg-animation-delay=\"\" data-bg-overlay=\"false\"><div class=\"inner-wrap row-bg-layer\" ><div class=\"row-bg viewport-desktop\"  style=\"\"><\/div><\/div><\/div><div class=\"row_col_wrap_12 col span_12 dark left\">\n\t<div  class=\"vc_col-sm-6 wpb_column column_container vc_column_container col no-extra-padding inherit_tablet inherit_phone\"  data-padding-pos=\"all\" data-has-bg-color=\"false\" data-bg-color=\"\" data-bg-opacity=\"1\" data-animation=\"\" data-delay=\"0\" >\n\t\t<div class=\"vc_column-inner\" >\n\t\t\t<div class=\"wpb_wrapper\">\n\t\t\t\t<div class=\"nectar-highlighted-text font_size_phone_22px\" data-style=\"regular_underline\" data-exp=\"default\" data-underline-thickness=\"1px\" data-using-custom-color=\"true\" data-animation-delay=\"500\" data-color=\"#616161\" data-color-gradient=\"\" style=\"\"><p>Jomarfa supports <a href=\"https:\/\/visaozero2030.pt\" target=\"_blank\" rel=\"noopener\"><em><strong>National Road Safety Strategy 2021-2030 - Vision Zero 2030<\/strong><\/em><\/a>, which aims to reduce accidents and save lives on Portuguese roads.<\/p>\n<\/div><div class=\"nectar-split-heading  font_size_phone_22px\" data-align=\"default\" data-m-align=\"inherit\" data-text-effect=\"default\" data-animation-type=\"line-reveal-by-space\" data-animation-delay=\"500\" data-animation-offset=\"\" data-m-rm-animation=\"\" data-stagger=\"true\" data-custom-font-size=\"false\" ><p >In line with this mission, we work to develop innovative road signage solutions that contribute to a safe and sustainable system.<\/p><\/div><div class=\"nectar-split-heading  font_size_phone_22px\" data-align=\"default\" data-m-align=\"inherit\" data-text-effect=\"default\" data-animation-type=\"line-reveal-by-space\" data-animation-delay=\"500\" data-animation-offset=\"\" data-m-rm-animation=\"\" data-stagger=\"true\" data-custom-font-size=\"false\" ><p >Because we believe that road safety is a shared responsibility, we are taking an active role in building a future with zero victims.<\/p><\/div><div id=\"fws_69e66c2eec896\" data-midnight=\"\" data-column-margin=\"default\" class=\"wpb_row vc_row-fluid vc_row inner_row\"  style=\"\"><div class=\"row-bg-wrap\"> <div class=\"row-bg\" ><\/div> <\/div><div class=\"row_col_wrap_12_inner col span_12  left\">\n\t<div  class=\"vc_col-sm-12 wpb_column column_container vc_column_container col child_column has-animation no-extra-padding inherit_tablet inherit_phone\"   data-padding-pos=\"all\" data-has-bg-color=\"false\" data-bg-color=\"\" data-bg-opacity=\"1\" data-animation=\"reveal-from-top\" data-delay=\"500\" >\n\t\t<div class=\"vc_column-inner\" >\n\t\t<div class=\"wpb_wrapper\">\n\t\t\t<div class=\"nectar-cta botao-invertido hover_color_0054A600 text_hover_color_0054A6 border_color_0054A6 hover_border_color_0054A6 border_thickness_1px border_radius_5px alignment_tablet_default alignment_phone_default display_tablet_inherit display_phone_inherit has-icon\" data-color=\"accent-color\" data-using-bg=\"true\" data-style=\"basic\" data-display=\"inline\" data-alignment=\"left\" data-text-color=\"custom\" style=\"margin-top: 30px;  --nectar-text-color: #FFFFFF; --nectar-button-color: var(--nectar-accent-color); --nectar-button-color-hover: #0054A600; --nectar-text-color-hover: #0054A6; --nectar-icon-gap: 10px; \"><span style=\"color: #FFFFFF;\" class=\"nectar-button-type\"><span class=\"link_wrap\" style=\"padding-top: 13px; padding-right: 14px; padding-bottom: 13px; padding-left: 14px;\"><i class=\"icon-jomarfa-seta-barra\"><\/i><a target=\"_blank\" aria-label=\"Consultar Vis\u00e3o Zero 2030\" class=\"link_text\" role=\"button\" href=\"https:\/\/visaozero2030.pt\"><span class=\"text\">Consultar Vis\u00e3o Zero 2030<\/span><\/a><\/span><\/span><\/div>\n\t\t<\/div> \n\t<\/div>\n\t<\/div> \n<\/div><\/div>\n\t\t\t<\/div> \n\t\t<\/div>\n\t<\/div> \n\n\t<div  class=\"vc_col-sm-6 wpb_column column_container vc_column_container col nectar-sticky-column no-extra-padding inherit_tablet inherit_phone\"  data-padding-pos=\"all\" data-has-bg-color=\"false\" data-bg-color=\"\" data-bg-opacity=\"1\" data-animation=\"\" data-delay=\"0\" >\n\t\t<div class=\"vc_column-inner\" >\n\t\t\t<div class=\"wpb_wrapper\">\n\t\t\t\t<div class=\"img-with-aniamtion-wrap center\" data-max-width=\"100%\" data-max-width-mobile=\"default\" data-border-radius=\"10px\" data-shadow=\"none\" data-animation=\"fade-in-from-right\" >\n      <div class=\"inner\">\n        <div class=\"hover-wrap\"> \n          <div class=\"hover-wrap-inner\">\n            <img loading=\"lazy\" decoding=\"async\" class=\"img-with-animation sem-margem-drt skip-lazy\" data-delay=\"0\" height=\"350\" width=\"575\" data-animation=\"fade-in-from-right\" src=\"https:\/\/jomarfa.com\/wp-content\/uploads\/2026\/04\/Visao-2030-2.webp\" alt=\"\" srcset=\"https:\/\/jomarfa.com\/wp-content\/uploads\/2026\/04\/Visao-2030-2.webp 575w, https:\/\/jomarfa.com\/wp-content\/uploads\/2026\/04\/Visao-2030-2-300x183.webp 300w\" sizes=\"auto, (max-width: 575px) 100vw, 575px\" \/>\n          <\/div>\n        <\/div>\n        \n      <\/div>\n    <\/div>\n\t\t\t<\/div> \n\t\t<\/div>\n\t<\/div> \n<\/div><\/div>","protected":false},"excerpt":{"rendered":"Vis\u00e3o Zero 2030 A Jomarfa apoia a Estrat\u00e9gia Nacional de Seguran\u00e7a Rodovi\u00e1ria 2021-2030 \u2013 Vis\u00e3o Zero 2030, que tem como objetivo reduzir a sinistralidade e salvar vidas nas estradas portuguesas....","protected":false},"author":1,"featured_media":0,"parent":0,"menu_order":0,"comment_status":"closed","ping_status":"closed","template":"","meta":{"_acf_changed":false,"footnotes":""},"class_list":["post-851","page","type-page","status-publish"],"acf":[],"_links":{"self":[{"href":"https:\/\/jomarfa.com\/en\/wp-json\/wp\/v2\/pages\/851","targetHints":{"allow":["GET"]}}],"collection":[{"href":"https:\/\/jomarfa.com\/en\/wp-json\/wp\/v2\/pages"}],"about":[{"href":"https:\/\/jomarfa.com\/en\/wp-json\/wp\/v2\/types\/page"}],"author":[{"embeddable":true,"href":"https:\/\/jomarfa.com\/en\/wp-json\/wp\/v2\/users\/1"}],"replies":[{"embeddable":true,"href":"https:\/\/jomarfa.com\/en\/wp-json\/wp\/v2\/comments?post=851"}],"version-history":[{"count":8,"href":"https:\/\/jomarfa.com\/en\/wp-json\/wp\/v2\/pages\/851\/revisions"}],"predecessor-version":[{"id":996,"href":"https:\/\/jomarfa.com\/en\/wp-json\/wp\/v2\/pages\/851\/revisions\/996"}],"wp:attachment":[{"href":"https:\/\/jomarfa.com\/en\/wp-json\/wp\/v2\/media?parent=851"}],"curies":[{"name":"wp","href":"https:\/\/api.w.org\/{rel}","templated":true}]}}