{"id":135,"date":"2026-03-28T03:17:50","date_gmt":"2026-03-28T03:17:50","guid":{"rendered":"https:\/\/jomarfa.com\/?page_id=135"},"modified":"2026-04-20T16:09:45","modified_gmt":"2026-04-20T16:09:45","slug":"services","status":"publish","type":"page","link":"https:\/\/jomarfa.com\/en\/servicos\/","title":{"rendered":"Services"},"content":{"rendered":"<div id=\"fws_69e654992a7c9\"  data-column-margin=\"default\" data-midnight=\"light\"  class=\"wpb_row vc_row-fluid vc_row full-width-section blend-imagens\"  style=\"padding-top: 300px; padding-bottom: 30px; \"><div class=\"row-bg-wrap\" data-bg-animation=\"none\" data-bg-animation-delay=\"\" data-bg-overlay=\"true\"><div class=\"inner-wrap row-bg-layer using-image\" ><div class=\"row-bg viewport-desktop using-image has-phone\"  style=\"background-image: url(https:\/\/jomarfa.com\/wp-content\/uploads\/2026\/03\/Servicos_imagem.webp); background-position: 0% 70%; background-repeat: no-repeat; \"><\/div><div class=\"row-bg viewport-phone using-image\"  style=\"background-image: url(https:\/\/jomarfa.com\/wp-content\/uploads\/2026\/04\/Rectangle-982.webp); background-position: 0% 70%; background-repeat: no-repeat; \"><\/div><\/div><div class=\"row-bg-overlay row-bg-layer\" style=\"background-color:#023F86;  opacity: 0.8; \"><\/div><\/div><div class=\"row_col_wrap_12 col span_12 light left\">\n\t<div  class=\"vc_col-sm-12 wpb_column column_container vc_column_container col no-extra-padding inherit_tablet inherit_phone flex_gap_desktop_10px\"  data-padding-pos=\"all\" data-has-bg-color=\"false\" data-bg-color=\"\" data-bg-opacity=\"1\" data-animation=\"\" data-delay=\"0\" >\n\t\t<div class=\"vc_column-inner\" >\n\t\t\t<div class=\"wpb_wrapper\">\n\t\t\t\t<div class=\"nectar-highlighted-text\" data-style=\"half_text\" data-exp=\"default\" data-user-color=\"true\" style=\"color: #FFFFFF;\" data-using-custom-color=\"true\" data-animation-delay=\"600\" data-color=\"#0054A6\" data-color-gradient=\"\"><h1><em>Services<\/em><\/h1>\n<\/div>\n\t\t\t<\/div> \n\t\t<\/div>\n\t<\/div> \n<\/div><\/div>\n\t\t<div id=\"fws_69e654992b7a3\"  data-column-margin=\"default\" data-midnight=\"dark\"  class=\"wpb_row vc_row-fluid vc_row  bottom_margin_-30px bottom_margin_tablet_10px bottom_margin_phone_30px\"  style=\"padding-top: 0px; padding-bottom: 0px; \"><div class=\"row-bg-wrap\" data-bg-animation=\"none\" data-bg-animation-delay=\"\" data-bg-overlay=\"false\"><div class=\"inner-wrap row-bg-layer\" ><div class=\"row-bg viewport-desktop\"  style=\"\"><\/div><\/div><\/div><div class=\"row_col_wrap_12 col span_12 dark left\">\n\t<div  class=\"vc_col-sm-12 wpb_column column_container vc_column_container col no-extra-padding inherit_tablet inherit_phone flex_gap_desktop_10px\"  data-padding-pos=\"all\" data-has-bg-color=\"false\" data-bg-color=\"\" data-bg-opacity=\"1\" data-animation=\"\" data-delay=\"0\" >\n\t\t<div class=\"vc_column-inner\" >\n\t\t\t<div class=\"wpb_wrapper\">\n\t\t\t\t<div class='nectar-post-grid-wrap servicos-home text-color-dark spacing-3vw' data-el-settings='{\"post_type\":\"custom\",\"pagination\":\"none\",\"image_size\":\"large\",\"parallax_scrolling\":\"\",\"aspect_ratio_image_size\":\"\",\"category_position\":\"below_title\",\"category_display\":\"default\",\"display_categories\":\"0\",\"display_excerpt\":\"0\",\"excerpt_length\":\"20\",\"content_next_to_image_excerpt_pos\":\"default\",\"display_date\":\"0\",\"display_estimated_reading_time\":\"0\",\"display_author\":\"0\",\"author_functionality\":\"default\",\"author_position\":\"default\",\"color_overlay\":\"\",\"color_overlay_opacity\":\"\",\"color_overlay_hover_opacity\":\"\",\"card_bg_color\":\"\",\"grid_style\":\"content_under_image\",\"hover_effect\":\"zoom\",\"post_title_overlay\":\"\",\"heading_tag\":\"h3\",\"heading_tag_render\":\"h3\",\"enable_gallery_lightbox\":\"0\",\"remove_links\":\"0\",\"category_style\":\"underline\",\"overlay_secondary_project_image\":\"\",\"vertical_list_hover_effect\":\"none\",\"vertical_list_read_more\":\"\",\"vertical_list_read_more_style\":\"text\",\"read_more_button\":\"0\",\"animation\":\"fade-in-from-bottom\",\"custom_fields\":\"\",\"custom_fields_location\":\"before_post_meta\",\"display_type\":\"grid\",\"text_content_layout\":\"top_left\"}' data-style='content_under_image' data-query='{\"post_type\":\"custom\",\"posts_per_page\":\"-1\",\"order\":\"DESC\",\"orderby\":\"date\",\"offset\":\"0\",\"cpt_name\":\"servico\",\"custom_query_tax\":\"\",\"ignore_sticky_posts\":\"\",\"exclude_current_post\":\"\"}' data-load-more-color='black' data-load-more-text='Load More'><div class=\"nectar-post-grid-filters\" data-active-color=\"default\" data-align=\"default\" data-animation=\"fade-in-from-bottom\" data-sortable=\"\"><div><a href=\"#\" class=\"active all-filter\" data-filter=\"all\" data-total-count=\"5\">All<\/a><\/div><\/div><div class=\"nectar-post-grid custom_font_size_22px font_size_phone_22px category-position-after-title\" data-indicator=\"\" data-indicator-style=\"default\" data-indicator-text-color=\"#fff\" data-indicator-color=\"#000\" data-indicator-text=\"View\" data-columns=\"2\" data-hover-effect=\"zoom\" data-text-style=\"default\" data-border-radius=\"10px\" data-grid-item-height=\"30vh\" data-grid-spacing=\"3vw\" data-text-layout=\"top_left\" data-text-color=\"dark\" data-text-hover-color=\"dark\" data-shadow-hover=\"\" data-animation=\"fade-in-from-bottom\" data-animation-stagger=\"150\" data-cat-click=\"default\"  data-lock-aspect=\"\"  data-text-align=\"left\" data-card=\"\" style=\"--post-grid-border-radius:10px;--post-grid-dark-text-color:#023F86;\" ><div class=\"nectar-post-grid-item\" data-post-id=\"1061\" data-has-img=\"true\"> <div class=\"inner\"><div class=\"nectar-post-grid-item-bg-wrap\"><div class=\"nectar-post-grid-item-bg-wrap-inner\"><div class=\"nectar-post-grid-item-bg\"><img loading=\"lazy\" decoding=\"async\" width=\"643\" height=\"846\" src=\"https:\/\/jomarfa.com\/wp-content\/uploads\/2026\/03\/Seguranca-Rodoviaria.webp\" class=\"nectar-post-grid-item-bg__media wp-post-image\" alt=\"\" srcset=\"https:\/\/jomarfa.com\/wp-content\/uploads\/2026\/03\/Seguranca-Rodoviaria.webp 643w, https:\/\/jomarfa.com\/wp-content\/uploads\/2026\/03\/Seguranca-Rodoviaria-228x300.webp 228w\" sizes=\"auto, (max-width: 643px) 100vw, 643px\" \/><\/div><\/div><\/div><div class=\"content\"><a class=\"nectar-post-grid-link\" href=\"https:\/\/jomarfa.com\/en\/servico\/seguranca-rodoviaria\/\" ><span class=\"screen-reader-text\">Road safety<\/span><\/a><div class=\"item-main\"><h3 class=\"post-heading nectar-inherit-h3\"><span>Road safety<\/span><\/h3><\/div><\/div><\/div><\/div><div class=\"nectar-post-grid-item\" data-post-id=\"1060\" data-has-img=\"true\"> <div class=\"inner\"><div class=\"nectar-post-grid-item-bg-wrap\"><div class=\"nectar-post-grid-item-bg-wrap-inner\"><div class=\"nectar-post-grid-item-bg\"><img loading=\"lazy\" decoding=\"async\" width=\"643\" height=\"846\" src=\"https:\/\/jomarfa.com\/wp-content\/uploads\/2026\/03\/Sinalizacao-Rodoviaria.webp\" class=\"nectar-post-grid-item-bg__media wp-post-image\" alt=\"\" srcset=\"https:\/\/jomarfa.com\/wp-content\/uploads\/2026\/03\/Sinalizacao-Rodoviaria.webp 643w, https:\/\/jomarfa.com\/wp-content\/uploads\/2026\/03\/Sinalizacao-Rodoviaria-228x300.webp 228w\" sizes=\"auto, (max-width: 643px) 100vw, 643px\" \/><\/div><\/div><\/div><div class=\"content\"><a class=\"nectar-post-grid-link\" href=\"https:\/\/jomarfa.com\/en\/servico\/sinalizacao-rodoviaria\/\" ><span class=\"screen-reader-text\">Road signs<\/span><\/a><div class=\"item-main\"><h3 class=\"post-heading nectar-inherit-h3\"><span>Road signs<\/span><\/h3><\/div><\/div><\/div><\/div><div class=\"nectar-post-grid-item\" data-post-id=\"1059\" data-has-img=\"true\"> <div class=\"inner\"><div class=\"nectar-post-grid-item-bg-wrap\"><div class=\"nectar-post-grid-item-bg-wrap-inner\"><div class=\"nectar-post-grid-item-bg\"><img loading=\"lazy\" decoding=\"async\" width=\"644\" height=\"846\" src=\"https:\/\/jomarfa.com\/wp-content\/uploads\/2026\/03\/Sinalizacao-temporaria-cortes-de-via.webp\" class=\"nectar-post-grid-item-bg__media wp-post-image\" alt=\"\" srcset=\"https:\/\/jomarfa.com\/wp-content\/uploads\/2026\/03\/Sinalizacao-temporaria-cortes-de-via.webp 644w, https:\/\/jomarfa.com\/wp-content\/uploads\/2026\/03\/Sinalizacao-temporaria-cortes-de-via-228x300.webp 228w\" sizes=\"auto, (max-width: 644px) 100vw, 644px\" \/><\/div><\/div><\/div><div class=\"content\"><a class=\"nectar-post-grid-link\" href=\"https:\/\/jomarfa.com\/en\/servico\/sinalizacao-temporaria-cortes-de-via\/\" ><span class=\"screen-reader-text\">Temporary signage (road cuts)<\/span><\/a><div class=\"item-main\"><h3 class=\"post-heading nectar-inherit-h3\"><span>Temporary signage (road cuts)<\/span><\/h3><\/div><\/div><\/div><\/div><div class=\"nectar-post-grid-item\" data-post-id=\"1058\" data-has-img=\"true\"> <div class=\"inner\"><div class=\"nectar-post-grid-item-bg-wrap\"><div class=\"nectar-post-grid-item-bg-wrap-inner\"><div class=\"nectar-post-grid-item-bg\"><img loading=\"lazy\" decoding=\"async\" width=\"644\" height=\"846\" src=\"https:\/\/jomarfa.com\/wp-content\/uploads\/2026\/03\/Estruturas-Metalicas.webp\" class=\"nectar-post-grid-item-bg__media wp-post-image\" alt=\"\" srcset=\"https:\/\/jomarfa.com\/wp-content\/uploads\/2026\/03\/Estruturas-Metalicas.webp 644w, https:\/\/jomarfa.com\/wp-content\/uploads\/2026\/03\/Estruturas-Metalicas-228x300.webp 228w\" sizes=\"auto, (max-width: 644px) 100vw, 644px\" \/><\/div><\/div><\/div><div class=\"content\"><a class=\"nectar-post-grid-link\" href=\"https:\/\/jomarfa.com\/en\/servico\/estruturas-metalicas\/\" ><span class=\"screen-reader-text\">Metal structures<\/span><\/a><div class=\"item-main\"><h3 class=\"post-heading nectar-inherit-h3\"><span>Metal structures<\/span><\/h3><\/div><\/div><\/div><\/div><div class=\"nectar-post-grid-item\" data-post-id=\"1055\" data-has-img=\"true\"> <div class=\"inner\"><div class=\"nectar-post-grid-item-bg-wrap\"><div class=\"nectar-post-grid-item-bg-wrap-inner\"><div class=\"nectar-post-grid-item-bg\"><img loading=\"lazy\" decoding=\"async\" width=\"644\" height=\"846\" src=\"https:\/\/jomarfa.com\/wp-content\/uploads\/2026\/03\/Barreiras-Acusticas-1.webp\" class=\"nectar-post-grid-item-bg__media wp-post-image\" alt=\"\" srcset=\"https:\/\/jomarfa.com\/wp-content\/uploads\/2026\/03\/Barreiras-Acusticas-1.webp 644w, https:\/\/jomarfa.com\/wp-content\/uploads\/2026\/03\/Barreiras-Acusticas-1-228x300.webp 228w\" sizes=\"auto, (max-width: 644px) 100vw, 644px\" \/><\/div><\/div><\/div><div class=\"content\"><a class=\"nectar-post-grid-link\" href=\"https:\/\/jomarfa.com\/en\/servico\/barreiras-acusticas\/\" ><span class=\"screen-reader-text\">Acoustic Barriers<\/span><\/a><div class=\"item-main\"><h3 class=\"post-heading nectar-inherit-h3\"><span>Acoustic Barriers<\/span><\/h3><\/div><\/div><\/div><\/div><\/div><\/div>\n\t\t\t<\/div> \n\t\t<\/div>\n\t<\/div> \n<\/div><\/div>","protected":false},"excerpt":{"rendered":"Barreiras Ac\u00fasticas As barreiras ac\u00fasticas s\u00e3o uma solu\u00e7\u00e3o essencial em contextos ferrovi\u00e1rios e rodovi\u00e1rios urbanos e suburbanos, onde a proximidade entre vias de tr\u00e1fego intenso e zonas habitacionais exige controlo...","protected":false},"author":1,"featured_media":0,"parent":0,"menu_order":0,"comment_status":"closed","ping_status":"closed","template":"","meta":{"_acf_changed":false,"footnotes":""},"class_list":["post-135","page","type-page","status-publish"],"acf":[],"_links":{"self":[{"href":"https:\/\/jomarfa.com\/en\/wp-json\/wp\/v2\/pages\/135","targetHints":{"allow":["GET"]}}],"collection":[{"href":"https:\/\/jomarfa.com\/en\/wp-json\/wp\/v2\/pages"}],"about":[{"href":"https:\/\/jomarfa.com\/en\/wp-json\/wp\/v2\/types\/page"}],"author":[{"embeddable":true,"href":"https:\/\/jomarfa.com\/en\/wp-json\/wp\/v2\/users\/1"}],"replies":[{"embeddable":true,"href":"https:\/\/jomarfa.com\/en\/wp-json\/wp\/v2\/comments?post=135"}],"version-history":[{"count":15,"href":"https:\/\/jomarfa.com\/en\/wp-json\/wp\/v2\/pages\/135\/revisions"}],"predecessor-version":[{"id":1067,"href":"https:\/\/jomarfa.com\/en\/wp-json\/wp\/v2\/pages\/135\/revisions\/1067"}],"wp:attachment":[{"href":"https:\/\/jomarfa.com\/en\/wp-json\/wp\/v2\/media?parent=135"}],"curies":[{"name":"wp","href":"https:\/\/api.w.org\/{rel}","templated":true}]}}