{"id":1086,"date":"2026-05-12T16:27:07","date_gmt":"2026-05-12T16:27:07","guid":{"rendered":"https:\/\/jomarfa.com\/?page_id=1086"},"modified":"2026-05-12T16:27:07","modified_gmt":"2026-05-12T16:27:07","slug":"politica-da-qualidade","status":"publish","type":"page","link":"https:\/\/jomarfa.com\/en\/politica-da-qualidade\/","title":{"rendered":"Quality Policy"},"content":{"rendered":"<div id=\"fws_6a03cae5c7bb2\"  data-column-margin=\"default\" data-midnight=\"dark\"  class=\"wpb_row vc_row-fluid vc_row\"  style=\"padding-top: 40px; padding-bottom: 0px; \"><div class=\"row-bg-wrap\" data-bg-animation=\"none\" data-bg-animation-delay=\"\" data-bg-overlay=\"false\"><div class=\"inner-wrap row-bg-layer\" ><div class=\"row-bg viewport-desktop\"  style=\"\"><\/div><\/div><\/div><div class=\"row_col_wrap_12 col span_12 dark left\">\n\t<div  class=\"vc_col-sm-12 wpb_column column_container vc_column_container col no-extra-padding inherit_tablet inherit_phone flex_gap_desktop_10px\"  data-padding-pos=\"all\" data-has-bg-color=\"false\" data-bg-color=\"\" data-bg-opacity=\"1\" data-animation=\"\" data-delay=\"0\" >\n\t\t<div class=\"vc_column-inner\" >\n\t\t\t<div class=\"wpb_wrapper\">\n\t\t\t\t<div class=\"divider-wrap\" data-alignment=\"default\"><div style=\"margin-top: 12.5px; width: 85px; height: 4px; margin-bottom: 12.5px;\" data-width=\"85px\" data-animate=\"yes\" data-animation-delay=\"1000\" data-color=\"extra-color-1\" class=\"divider-small-border\"><\/div><\/div><div class=\"nectar-split-heading\" data-align=\"default\" data-m-align=\"inherit\" data-text-effect=\"default\" data-animation-type=\"line-reveal-by-space\" data-animation-delay=\"0\" data-animation-offset=\"\" data-m-rm-animation=\"\" data-stagger=\"\" data-custom-font-size=\"false\" ><h3 style=\" color: #023F86;\">Quality Policy<\/h3><\/div>\n\t\t\t<\/div> \n\t\t<\/div>\n\t<\/div> \n<\/div><\/div>\n\t\t<div id=\"fws_6a03cae5c8b64\"  data-column-margin=\"default\" data-midnight=\"dark\"  class=\"wpb_row vc_row-fluid vc_row\"  style=\"padding-top: 0px; padding-bottom: 60px; \"><div class=\"row-bg-wrap\" data-bg-animation=\"none\" data-bg-animation-delay=\"\" data-bg-overlay=\"false\"><div class=\"inner-wrap row-bg-layer\" ><div class=\"row-bg viewport-desktop\"  style=\"\"><\/div><\/div><\/div><div class=\"row_col_wrap_12 col span_12 dark left\">\n\t<div  class=\"vc_col-sm-12 wpb_column column_container vc_column_container col no-extra-padding inherit_tablet inherit_phone flex_gap_desktop_10px\"  data-padding-pos=\"all\" data-has-bg-color=\"false\" data-bg-color=\"\" data-bg-opacity=\"1\" data-animation=\"\" data-delay=\"0\" >\n\t\t<div class=\"vc_column-inner\" >\n\t\t\t<div class=\"wpb_wrapper\">\n\t\t\t\t\n<div class=\"wpb_text_column wpb_content_element\" >\n\t<p>A <span style=\"color: #0054a6;\">Jomarfa <\/span>dedica-se \u00e0 aplica\u00e7\u00e3o de guardas de seguran\u00e7a, sinaliza\u00e7\u00e3o vertical e sinaliza\u00e7\u00e3o tempor\u00e1ria (cortes de via) desde 2001, primando sempre a qualidade e excel\u00eancia do trabalho<br \/>\nprestado.<\/p>\n<p>No \u00e2mbito da <span style=\"color: #0054a6;\">\u201cMontagem de equipamentos de sinaliza\u00e7\u00e3o e seguran\u00e7a rodovi\u00e1ria\u201d<\/span> procura assegurar a melhoria cont\u00ednua dos processos, da satisfa\u00e7\u00e3o dos clientes e da qualidade dos servi\u00e7os<br \/>\nprestados.<\/p>\n<\/div>\n\n\n\n<div class=\"divider-wrap\" data-alignment=\"default\"><div style=\"margin-top: 30px; height: 1px; margin-bottom: 30px;\" data-width=\"100%\" data-animate=\"\" data-animation-delay=\"\" data-color=\"accent-color\" class=\"divider-border\"><\/div><\/div>\n<div class=\"wpb_text_column wpb_content_element\" >\n\t<p><span style=\"color: #0054a6;\"><strong>Mission and Vision<\/strong><\/span><\/p>\n<p>Num contexto globalizado e competitivo, apostamos constantemente na qualidade dos nossos servi\u00e7os, na valoriza\u00e7\u00e3o do nosso potencial humano e na satisfa\u00e7\u00e3o dos nossos clientes.<\/p>\n<p>Pretendemos:<\/p>\n<\/div>\n\n\n\n<div class=\"nectar-fancy-ul\" data-list-icon=\"icon-salient-check\" data-animation=\"false\" data-animation-delay=\"0\" data-color=\"accent-color\" data-spacing=\"default\" data-alignment=\"left\"> \n<ul>\n<li>ser uma refer\u00eancia no setor de atividade em que atuamos;<\/li>\n<li>reconhecimento pela elevada compet\u00eancia t\u00e9cnica;<\/li>\n<li>criar valor e contribuir para eleva\u00e7\u00e3o da qualidade da seguran\u00e7a rodovi\u00e1ria.<\/li>\n<\/ul>\n <\/div><div class=\"divider-wrap\" data-alignment=\"default\"><div style=\"margin-top: 30px; height: 1px; margin-bottom: 30px;\" data-width=\"100%\" data-animate=\"\" data-animation-delay=\"\" data-color=\"accent-color\" class=\"divider-border\"><\/div><\/div>\n<div class=\"wpb_text_column wpb_content_element\" >\n\t<p><span style=\"color: #0054a6;\"><strong>Valores<\/strong><\/span><\/p>\n<p>Os valores <span style=\"color: #0054a6;\">Jomarfa<\/span> refletem a sua postura perante os clientes, colaboradores e a sociedade:<\/p>\n<ul>\n<li>Uni\u00e3o;<\/li>\n<li>Respeito;<\/li>\n<li>Flexibilidade;<\/li>\n<li>For\u00e7a;<\/li>\n<li>Disponibilidade;<\/li>\n<li>Resili\u00eancia.<\/li>\n<\/ul>\n<\/div>\n\n\n\n<div class=\"divider-wrap\" data-alignment=\"default\"><div style=\"margin-top: 30px; height: 1px; margin-bottom: 30px;\" data-width=\"100%\" data-animate=\"\" data-animation-delay=\"\" data-color=\"accent-color\" class=\"divider-border\"><\/div><\/div>\n<div class=\"wpb_text_column wpb_content_element\" >\n\t<p><span style=\"color: #0054a6;\"><strong>Pol\u00edtica <span style=\"color: #0054a6;\">da<\/span> Qualidade<\/strong><\/span><\/p>\n<p>A <span style=\"color: #0054a6;\">Jomarfa<\/span>, consciente da import\u00e2ncia dos seus servi\u00e7os para todas as suas partes interessadas, compromete-se a:<\/p>\n<ul>\n<li>Implementar e manter um sistema de gest\u00e3o da qualidade, segundo o referencial NP EN ISO 9001, em conformidade com os requisitos, legisla\u00e7\u00e3o aplic\u00e1vel e regulamenta\u00e7\u00e3o do setor onde<br \/>\natua;<\/li>\n<li>Continuously evaluate and promote the satisfaction of customers and relevant stakeholders, meeting their needs and expectations;<\/li>\n<li>Cumprir com os requisitos dos clientes, tendo como foco a qualidade dos trabalhos executados, o alcance dos objetivos definidos e a melhoria cont\u00ednua da <span style=\"color: #0054a6;\">Jomarfa<\/span>;<\/li>\n<li>Desenvolver as compet\u00eancias dos colaboradores, promovendo a motiva\u00e7\u00e3o, a toler\u00e2ncia, a entreajuda e a participa\u00e7\u00e3o de todos, estimulando a capacidade de iniciativa e o trabalho em<br \/>\nequipa.<\/li>\n<li>Promoting efficiency in internal processes.<\/li>\n<li>Contributing to road safety.<\/li>\n<\/ul>\n<\/div>\n\n\n\n\n\t\t\t<\/div> \n\t\t<\/div>\n\t<\/div> \n<\/div><\/div>","protected":false},"excerpt":{"rendered":"Pol\u00edtica da Qualidade A Jomarfa dedica-se \u00e0 aplica\u00e7\u00e3o de guardas de seguran\u00e7a, sinaliza\u00e7\u00e3o vertical e sinaliza\u00e7\u00e3o tempor\u00e1ria (cortes de via) desde 2001, primando sempre a qualidade e excel\u00eancia do trabalho...","protected":false},"author":1,"featured_media":0,"parent":0,"menu_order":0,"comment_status":"closed","ping_status":"closed","template":"","meta":{"_acf_changed":false,"footnotes":""},"class_list":["post-1086","page","type-page","status-publish"],"acf":[],"_links":{"self":[{"href":"https:\/\/jomarfa.com\/en\/wp-json\/wp\/v2\/pages\/1086","targetHints":{"allow":["GET"]}}],"collection":[{"href":"https:\/\/jomarfa.com\/en\/wp-json\/wp\/v2\/pages"}],"about":[{"href":"https:\/\/jomarfa.com\/en\/wp-json\/wp\/v2\/types\/page"}],"author":[{"embeddable":true,"href":"https:\/\/jomarfa.com\/en\/wp-json\/wp\/v2\/users\/1"}],"replies":[{"embeddable":true,"href":"https:\/\/jomarfa.com\/en\/wp-json\/wp\/v2\/comments?post=1086"}],"version-history":[{"count":2,"href":"https:\/\/jomarfa.com\/en\/wp-json\/wp\/v2\/pages\/1086\/revisions"}],"predecessor-version":[{"id":1089,"href":"https:\/\/jomarfa.com\/en\/wp-json\/wp\/v2\/pages\/1086\/revisions\/1089"}],"wp:attachment":[{"href":"https:\/\/jomarfa.com\/en\/wp-json\/wp\/v2\/media?parent=1086"}],"curies":[{"name":"wp","href":"https:\/\/api.w.org\/{rel}","templated":true}]}}